{"id":82,"date":"2018-04-18T10:59:25","date_gmt":"2018-04-18T08:59:25","guid":{"rendered":"http:\/\/lecarreimmo.cornelius-communication.com\/?page_id=82"},"modified":"2021-09-08T18:14:44","modified_gmt":"2021-09-08T16:14:44","slug":"honoraires","status":"publish","type":"page","link":"https:\/\/www.lecarre-immobilier.fr\/en\/honoraires\/","title":{"rendered":"Honoraires"},"content":{"rendered":"<p>[vc_row][vc_column][vc_column_text]<\/p>\n<p>Les honoraires de LE CARR\u00c9 IMMOBILIER sont : 5% TTC du prix net vendeur et la commission est \u00e0 charge de l&#8217;acqu\u00e9reur.<\/p>\n<p>[\/vc_column_text][\/vc_column][\/vc_row]<\/p>\n","protected":false},"excerpt":{"rendered":"<p>[vc_row][vc_column][vc_column_text] Les honoraires de LE CARR\u00c9 IMMOBILIER sont : 5% TTC du prix net vendeur et la commission est \u00e0 charge de l&#8217;acqu\u00e9reur. [\/vc_column_text][\/vc_column][\/vc_row]<\/p>\n","protected":false},"author":1,"featured_media":0,"parent":0,"menu_order":0,"comment_status":"closed","ping_status":"closed","template":"nos-tarifs.php","meta":{"_themeisle_gutenberg_block_has_review":false,"footnotes":""},"class_list":["post-82","page","type-page","status-publish","hentry"],"_links":{"self":[{"href":"https:\/\/www.lecarre-immobilier.fr\/en\/wp-json\/wp\/v2\/pages\/82","targetHints":{"allow":["GET"]}}],"collection":[{"href":"https:\/\/www.lecarre-immobilier.fr\/en\/wp-json\/wp\/v2\/pages"}],"about":[{"href":"https:\/\/www.lecarre-immobilier.fr\/en\/wp-json\/wp\/v2\/types\/page"}],"author":[{"embeddable":true,"href":"https:\/\/www.lecarre-immobilier.fr\/en\/wp-json\/wp\/v2\/users\/1"}],"replies":[{"embeddable":true,"href":"https:\/\/www.lecarre-immobilier.fr\/en\/wp-json\/wp\/v2\/comments?post=82"}],"version-history":[{"count":0,"href":"https:\/\/www.lecarre-immobilier.fr\/en\/wp-json\/wp\/v2\/pages\/82\/revisions"}],"wp:attachment":[{"href":"https:\/\/www.lecarre-immobilier.fr\/en\/wp-json\/wp\/v2\/media?parent=82"}],"curies":[{"name":"wp","href":"https:\/\/api.w.org\/{rel}","templated":true}]}}