{"id":10,"date":"2018-04-16T15:43:21","date_gmt":"2018-04-16T13:43:21","guid":{"rendered":"http:\/\/lecarreimmo.cornelius-communication.com\/?page_id=10"},"modified":"2018-10-23T15:50:27","modified_gmt":"2018-10-23T13:50:27","slug":"agence","status":"publish","type":"page","link":"https:\/\/www.lecarre-immobilier.fr\/en\/agence\/","title":{"rendered":"Agence"},"content":{"rendered":"<p>[vc_row el_class=&#8221;container&#8221;][vc_column width=&#8221;1\/2&#8243;][vc_column_text]<\/p>\n<h1 style=\"text-align: justify;\">Our agency<\/h1>\n<p>Located opposite the Chatou Town Hall, Le Carr\u00e9 Immobilier welcomes you from Monday to Saturday.<\/p>\n<p>You want to sell or buy a property in Chatou, V\u00e9sinet, Croissy-sur-seine, Montesson and Carri\u00e8res-sur-seine, our dynamic team, and listening, brings you all the advice you need to move forward and realize your project. Whatever it is, purchase or sale, we guarantee a personalized follow-up.<\/p>\n<p><strong>You wish to buy<\/strong><\/p>\n<p>\u00a0Our priority, analyze all of your needs and be present, by your side, to answer all your questions, to match our real estate with your search criteria. We offer a wide choice of real estate according to your requirements and your budget. Come meet us and discover, among our selection, properties adapted to your profile.<\/p>\n<p><strong>You want to sell<\/strong><\/p>\n<p>Our advisers make a reliable, fair estimate for you, in line with market prices. We have a portfolio of clients from Paris, Ile de France and abroad, which allows us to quickly find you an acquirer.<\/p>\n<p>We reconcile our efforts for your full satisfaction with our responsiveness, our listening and our dynamism.<\/p>\n<p>Contact our team and schedule a visit or estimate of your property together.<\/p>\n<p>[\/vc_column_text][\/vc_column][vc_column width=&#8221;1\/2&#8243;][vc_gmaps link=&#8221;#E-8_JTNDaWZyYW1lJTIwc3JjJTNEJTIyaHR0cHMlM0ElMkYlMkZ3d3cuZ29vZ2xlLmNvbSUyRm1hcHMlMkZlbWJlZCUzRnBiJTNEJTIxMW0xOCUyMTFtMTIlMjExbTMlMjExZDQ2My43NTA4ODY0NTI4MDE2NCUyMTJkMi4xNTcwNzE4NDI5NDQzMzk0JTIxM2Q0OC44ODkyNjMwMjgyMTc3NzYlMjEybTMlMjExZjAlMjEyZjAlMjEzZjAlMjEzbTIlMjExaTEwMjQlMjEyaTc2OCUyMTRmMTMuMSUyMTNtMyUyMTFtMiUyMTFzMHg0N2U2NjMxMDEwMWYyOThiJTI1M0EweDE1ZGU4NzRmZDgzNGQ5M2QlMjEyczExJTJCQXZlbnVlJTJCZHUlMkJNYXIlMjVDMyUyNUE5Y2hhbCUyQkZvY2glMjUyQyUyQjc4NDAwJTJCQ2hhdG91JTIxNWUwJTIxM20yJTIxMXNmciUyMTJzZnIlMjE0djE1Mjg0NDgxMTg2MzAlMjIlMjB3aWR0aCUzRCUyMjYwMCUyMiUyMGhlaWdodCUzRCUyMjQ1MCUyMiUyMGZyYW1lYm9yZGVyJTNEJTIyMCUyMiUyMHN0eWxlJTNEJTIyYm9yZGVyJTNBMCUyMiUyMGFsbG93ZnVsbHNjcmVlbiUzRSUzQyUyRmlmcmFtZSUzRQ==&#8221;][vc_row_inner][vc_column_inner width=&#8221;1\/2&#8243;][vc_single_image image=&#8221;10679&#8243; img_size=&#8221;full&#8221; alignment=&#8221;center&#8221;][\/vc_column_inner][vc_column_inner width=&#8221;1\/2&#8243;][vc_column_text]<\/p>\n<p><strong>LE CARR\u00c9 IMMOBILIER<\/strong><\/p>\n<p>11 Avenue du Mar\u00e9chal Foch 78400 CHATOU<\/p>\n<p>[\/vc_column_text][vc_btn title=&#8221;01 30 09 60 70&#8243; color=&#8221;black&#8221; align=&#8221;center&#8221; i_icon_fontawesome=&#8221;fa fa-phone&#8221; button_block=&#8221;true&#8221; add_icon=&#8221;true&#8221; link=&#8221;url:tel%3A0130096070||target:%20_blank|&#8221;][\/vc_column_inner][\/vc_row_inner][vc_raw_html]JTNDYSUyMGhyZWYlM0QlMjIlMjNjb250YWN0JTIyJTIwY2xhc3MlM0QlMjJidG4lMjBidG4tYmxvY2slMjBidG4tbGclMjBidG4tc2Vjb25kYXJ5JTIyJTNFQ29udGFjdGV6LW5vdXMlMjBwYXIlMjBlbWFpbCUzQyUyRmElM0U=[\/vc_raw_html][\/vc_column][\/vc_row][vc_row css=&#8221;.vc_custom_1528449233022{margin-top: 0px !important;margin-right: 0px !important;margin-bottom: 0px !important;margin-left: 0px !important;padding-top: 0px !important;padding-right: 0px !important;padding-bottom: 0px !important;padding-left: 0px !important;background-color: #ff7b01 !important;}&#8221;][vc_column][vc_column_text css=&#8221;.vc_custom_1529589862428{padding-top: 0px !important;padding-right: 0px !important;padding-bottom: 0px !important;padding-left: 0px !important;}&#8221;]<\/p>\n<p style=\"text-align: center;\"><span style=\"color: #ffffff; font-size: 14px;\">CHATOU \/ LE VESINET \/ CROISSY SUR SEINE \/ MONTESSON \/ RUEIL-MALMAISON \/ CARRIERE SUR SEINE<\/span><\/p>\n<p>[\/vc_column_text][\/vc_column][\/vc_row][vc_row css=&#8221;.vc_custom_1528468447543{margin-top: 0px !important;margin-right: 0px !important;margin-bottom: 0px !important;margin-left: 0px !important;padding-top: 0px !important;padding-right: 0px !important;padding-bottom: 0px !important;padding-left: 0px !important;}&#8221;][vc_column][vc_empty_space][\/vc_column][\/vc_row][vc_row css=&#8221;.vc_custom_1528468530360{margin-top: 0px !important;margin-right: 0px !important;margin-bottom: 0px !important;margin-left: 0px !important;padding-top: 0px !important;padding-right: 0px !important;padding-bottom: 0px !important;padding-left: 0px !important;}&#8221;][vc_column][vc_row_inner el_class=&#8221;container hidden&#8221;][vc_column_inner][vc_column_text]<\/p>\n<h2>Notre \u00e9quipe<\/h2>\n<p>[\/vc_column_text][\/vc_column_inner][\/vc_row_inner][vc_row_inner el_class=&#8221;container hidden&#8221;][vc_column_inner width=&#8221;1\/4&#8243;][vc_single_image image=&#8221;10599&#8243; img_size=&#8221;full&#8221; alignment=&#8221;center&#8221; style=&#8221;vc_box_circle_2&#8243;][vc_column_text]<\/p>\n<p style=\"text-align: center;\">Pierre Dupont<\/p>\n<p>[\/vc_column_text][\/vc_column_inner][vc_column_inner width=&#8221;1\/4&#8243;][vc_single_image image=&#8221;10599&#8243; img_size=&#8221;full&#8221; alignment=&#8221;center&#8221; style=&#8221;vc_box_circle_2&#8243;][vc_column_text]<\/p>\n<p style=\"text-align: center;\">Pierre Dupont<\/p>\n<p>[\/vc_column_text][\/vc_column_inner][vc_column_inner width=&#8221;1\/4&#8243;][vc_single_image image=&#8221;10599&#8243; img_size=&#8221;full&#8221; alignment=&#8221;center&#8221; style=&#8221;vc_box_circle_2&#8243;][vc_column_text]<\/p>\n<p style=\"text-align: center;\">Pierre Dupont<\/p>\n<p>[\/vc_column_text][\/vc_column_inner][vc_column_inner width=&#8221;1\/4&#8243;][vc_single_image image=&#8221;10599&#8243; img_size=&#8221;full&#8221; alignment=&#8221;center&#8221; style=&#8221;vc_box_circle_2&#8243;][vc_column_text]<\/p>\n<p style=\"text-align: center;\">Pierre Dupont<\/p>\n<p>[\/vc_column_text][\/vc_column_inner][\/vc_row_inner][\/vc_column][\/vc_row][vc_row css=&#8221;.vc_custom_1528449716812{margin-top: 0px !important;margin-right: 0px !important;margin-bottom: 0px !important;margin-left: 0px !important;padding-top: 0px !important;padding-right: 0px !important;padding-bottom: 0px !important;padding-left: 0px !important;}&#8221;][vc_column][vc_empty_space el_id=&#8221;contact&#8221;][vc_row_inner el_class=&#8221;container&#8221;][vc_column_inner][vc_column_text]<\/p>\n<h2>Contact<\/h2>\n<p>[\/vc_column_text][\/vc_column_inner][\/vc_row_inner][\/vc_column][\/vc_row]<\/p>\n","protected":false},"excerpt":{"rendered":"<p>[vc_row el_class=&#8221;container&#8221;][vc_column width=&#8221;1\/2&#8243;][vc_column_text] Our agency Located opposite the Chatou Town Hall, Le Carr\u00e9 Immobilier welcomes you from Monday to Saturday. You want to sell or buy a property in Chatou, V\u00e9sinet, Croissy-sur-seine, Montesson and Carri\u00e8res-sur-seine, our dynamic team, and listening, brings you all the advice you need to move forward and realize your project. Whatever [&hellip;]<\/p>\n","protected":false},"author":1,"featured_media":0,"parent":0,"menu_order":0,"comment_status":"closed","ping_status":"closed","template":"agences.php","meta":{"_themeisle_gutenberg_block_has_review":false,"footnotes":""},"class_list":["post-10","page","type-page","status-publish","hentry"],"_links":{"self":[{"href":"https:\/\/www.lecarre-immobilier.fr\/en\/wp-json\/wp\/v2\/pages\/10","targetHints":{"allow":["GET"]}}],"collection":[{"href":"https:\/\/www.lecarre-immobilier.fr\/en\/wp-json\/wp\/v2\/pages"}],"about":[{"href":"https:\/\/www.lecarre-immobilier.fr\/en\/wp-json\/wp\/v2\/types\/page"}],"author":[{"embeddable":true,"href":"https:\/\/www.lecarre-immobilier.fr\/en\/wp-json\/wp\/v2\/users\/1"}],"replies":[{"embeddable":true,"href":"https:\/\/www.lecarre-immobilier.fr\/en\/wp-json\/wp\/v2\/comments?post=10"}],"version-history":[{"count":0,"href":"https:\/\/www.lecarre-immobilier.fr\/en\/wp-json\/wp\/v2\/pages\/10\/revisions"}],"wp:attachment":[{"href":"https:\/\/www.lecarre-immobilier.fr\/en\/wp-json\/wp\/v2\/media?parent=10"}],"curies":[{"name":"wp","href":"https:\/\/api.w.org\/{rel}","templated":true}]}}